{"id":133578,"date":"2025-03-11T17:02:54","date_gmt":"2025-03-11T16:02:54","guid":{"rendered":"https:\/\/wattsy.solutions\/?page_id=133578"},"modified":"2026-04-06T09:39:28","modified_gmt":"2026-04-06T07:39:28","slug":"contact","status":"publish","type":"page","link":"https:\/\/wattsy.solutions\/en\/contact\/","title":{"rendered":"Contact us"},"content":{"rendered":"<div class=\"wpb-content-wrapper\"><p>[vc_row row_height_percent=&#8221;42&#8243; override_padding=&#8221;yes&#8221; h_padding=&#8221;2&#8243; top_padding=&#8221;5&#8243; bottom_padding=&#8221;5&#8243; back_color=&#8221;accent&#8221; back_image=&#8221;132480&#8243; back_attachment=&#8221;scroll&#8221; back_position=&#8221;center top&#8221; overlay_color=&#8221;accent&#8221; overlay_alpha=&#8221;80&#8243; gutter_size=&#8221;3&#8243; column_width_percent=&#8221;100&#8243; shift_y=&#8221;0&#8243; z_index=&#8221;0&#8243; bottom_divider=&#8221;gradient&#8221; uncode_shortcode_id=&#8221;111246&#8243; back_color_type=&#8221;uncode-palette&#8221; overlay_color_type=&#8221;uncode-palette&#8221; row_name=&#8221;residentiel&#8221;][vc_column column_width_percent=&#8221;100&#8243; position_vertical=&#8221;middle&#8221; align_horizontal=&#8221;align_center&#8221; gutter_size=&#8221;2&#8243; style=&#8221;light&#8221; overlay_alpha=&#8221;50&#8243; shift_x=&#8221;0&#8243; shift_y=&#8221;0&#8243; shift_y_down=&#8221;0&#8243; z_index=&#8221;0&#8243; medium_width=&#8221;0&#8243; mobile_width=&#8221;0&#8243; css_animation=&#8221;zoom-in&#8221; animation_speed=&#8221;600&#8243; width=&#8221;1\/1&#8243; uncode_shortcode_id=&#8221;535015&#8243;][vc_custom_heading text_color=&#8221;color-jevc&#8221; heading_semantic=&#8221;h1&#8243; text_font=&#8221;font-955596&#8243; text_size=&#8221;fontsize-160000&#8243; text_transform=&#8221;uppercase&#8221; text_height=&#8221;fontheight-179065&#8243; text_space=&#8221;fontspace-210350&#8243; uncode_shortcode_id=&#8221;499665&#8243; text_color_type=&#8221;uncode-palette&#8221;]Contact us[\/vc_custom_heading][vc_custom_heading text_color=&#8221;color-xsdn&#8221; heading_semantic=&#8221;h1&#8243; text_size=&#8221;fontsize-338686&#8243; text_weight=&#8221;400&#8243; text_transform=&#8221;uppercase&#8221; text_space=&#8221;fontspace-781688&#8243; uncode_shortcode_id=&#8221;719324&#8243; text_color_type=&#8221;uncode-palette&#8221;]Votre borne \u00e0 domicile avec Wattsy ![\/vc_custom_heading][vc_separator sep_color=&#8221;&#8221; uncode_shortcode_id=&#8221;171288&#8243;][\/vc_column][\/vc_row][vc_row][vc_column width=&#8221;1\/4&#8243;][\/vc_column][vc_column column_width_percent=&#8221;100&#8243; gutter_size=&#8221;3&#8243; overlay_alpha=&#8221;50&#8243; shift_x=&#8221;0&#8243; shift_y=&#8221;0&#8243; shift_y_down=&#8221;0&#8243; z_index=&#8221;0&#8243; medium_width=&#8221;0&#8243; mobile_width=&#8221;0&#8243; width=&#8221;1\/2&#8243; uncode_shortcode_id=&#8221;195312&#8243;][vc_custom_heading heading_semantic=&#8221;h4&#8243; text_size=&#8221;h4&#8243; uncode_shortcode_id=&#8221;173600&#8243;]Vous avez besoin de vous recharger \u00e0 votre domicile ?<\/p>\n<p>Wattsy est la solution id\u00e9ale pour s&#8217;\u00e9quiper d&#8217;un \u00e9quipement de qualit\u00e9 \u00e0 co\u00fbts r\u00e9duits.<\/p>\n<p>&nbsp;<\/p>\n<p>C&#8217;est ici que \u00e7a se passe \ud83d\udc47[\/vc_custom_heading][vc_button button_color=&#8221;color-120708&#8243; size=&#8221;btn-lg&#8221; border_width=&#8221;0&#8243; link=&#8221;url:https%3A%2F%2Ftally.so%2Fr%2FzxjjDR|title:Commencer%20le%20questionnaire|target:_blank|&#8221; button_color_type=&#8221;uncode-palette&#8221; uncode_shortcode_id=&#8221;435022&#8243;]Commencer le questionnaire[\/vc_button][\/vc_column][vc_column width=&#8221;1\/4&#8243;][\/vc_column][\/vc_row][vc_row][vc_column width=&#8221;1\/1&#8243;][\/vc_column][\/vc_row]<\/p>\n<\/div>","protected":false},"excerpt":{"rendered":"<p>[vc_row row_height_percent=&#8221;42&#8243; override_padding=&#8221;yes&#8221; h_padding=&#8221;2&#8243; top_padding=&#8221;5&#8243; bottom_padding=&#8221;5&#8243; back_color=&#8221;accent&#8221; back_image=&#8221;132480&#8243; back_attachment=&#8221;scroll&#8221; back_position=&#8221;center top&#8221; overlay_color=&#8221;accent&#8221; overlay_alpha=&#8221;80&#8243; gutter_size=&#8221;3&#8243; column_width_percent=&#8221;100&#8243; shift_y=&#8221;0&#8243; z_index=&#8221;0&#8243; bottom_divider=&#8221;gradient&#8221; uncode_shortcode_id=&#8221;111246&#8243; back_color_type=&#8221;uncode-palette&#8221; [&hellip;]<\/p>\n","protected":false},"author":6,"featured_media":0,"parent":0,"menu_order":0,"comment_status":"closed","ping_status":"closed","template":"","meta":{"footnotes":""},"class_list":["post-133578","page","type-page","status-publish","hentry","page_category-classic-en"],"yoast_head":"<!-- This site is optimized with the Yoast SEO plugin v27.2 - https:\/\/yoast.com\/product\/yoast-seo-wordpress\/ -->\n<title>Contact us - Wattsy<\/title>\n<meta name=\"description\" content=\"Need a quotation or more information? Contact Wattsy, your expert in electric charging solutions. We will get back to you as soon as possible.\" \/>\n<meta name=\"robots\" content=\"index, follow, max-snippet:-1, max-image-preview:large, max-video-preview:-1\" \/>\n<link rel=\"canonical\" href=\"https:\/\/wattsy.solutions\/en\/contact\/\" \/>\n<meta property=\"og:locale\" content=\"en_US\" \/>\n<meta property=\"og:type\" content=\"article\" \/>\n<meta property=\"og:title\" content=\"Contact us - Wattsy\" \/>\n<meta property=\"og:description\" content=\"Need a quotation or more information? Contact Wattsy, your expert in electric charging solutions. We will get back to you as soon as possible.\" \/>\n<meta property=\"og:url\" content=\"https:\/\/wattsy.solutions\/en\/contact\/\" \/>\n<meta property=\"og:site_name\" content=\"Wattsy\" \/>\n<meta property=\"article:modified_time\" content=\"2026-04-06T07:39:28+00:00\" \/>\n<meta property=\"og:image\" content=\"https:\/\/wattsy.solutions\/wp-content\/uploads\/HomePage.webp\" \/>\n\t<meta property=\"og:image:width\" content=\"1080\" \/>\n\t<meta property=\"og:image:height\" content=\"522\" \/>\n\t<meta property=\"og:image:type\" content=\"image\/jpeg\" \/>\n<meta name=\"twitter:card\" content=\"summary_large_image\" \/>\n<meta name=\"twitter:label1\" content=\"Est. reading time\" \/>\n\t<meta name=\"twitter:data1\" content=\"1 minute\" \/>\n<script type=\"application\/ld+json\" class=\"yoast-schema-graph\">{\"@context\":\"https:\/\/schema.org\",\"@graph\":[{\"@type\":\"WebPage\",\"@id\":\"https:\/\/wattsy.solutions\/en\/contact\/\",\"url\":\"https:\/\/wattsy.solutions\/en\/contact\/\",\"name\":\"Contact us - Wattsy\",\"isPartOf\":{\"@id\":\"https:\/\/wattsy.solutions\/en\/#website\"},\"datePublished\":\"2025-03-11T16:02:54+00:00\",\"dateModified\":\"2026-04-06T07:39:28+00:00\",\"description\":\"Need a quotation or more information? Contact Wattsy, your expert in electric charging solutions. We will get back to you as soon as possible.\",\"breadcrumb\":{\"@id\":\"https:\/\/wattsy.solutions\/en\/contact\/#breadcrumb\"},\"inLanguage\":\"en-US\",\"potentialAction\":[{\"@type\":\"ReadAction\",\"target\":[\"https:\/\/wattsy.solutions\/en\/contact\/\"]}]},{\"@type\":\"BreadcrumbList\",\"@id\":\"https:\/\/wattsy.solutions\/en\/contact\/#breadcrumb\",\"itemListElement\":[{\"@type\":\"ListItem\",\"position\":1,\"name\":\"Accueil\",\"item\":\"https:\/\/wattsy.solutions\/en\/\"},{\"@type\":\"ListItem\",\"position\":2,\"name\":\"Contact us\"}]},{\"@type\":\"WebSite\",\"@id\":\"https:\/\/wattsy.solutions\/en\/#website\",\"url\":\"https:\/\/wattsy.solutions\/en\/\",\"name\":\"Wattsy Solutions\",\"description\":\"La recharge pour tous, partout, \u00e0 moindre co\u00fbt\",\"publisher\":{\"@id\":\"https:\/\/wattsy.solutions\/en\/#organization\"},\"alternateName\":\"Wattsy\",\"potentialAction\":[{\"@type\":\"SearchAction\",\"target\":{\"@type\":\"EntryPoint\",\"urlTemplate\":\"https:\/\/wattsy.solutions\/en\/?s={search_term_string}\"},\"query-input\":{\"@type\":\"PropertyValueSpecification\",\"valueRequired\":true,\"valueName\":\"search_term_string\"}}],\"inLanguage\":\"en-US\"},{\"@type\":\"Organization\",\"@id\":\"https:\/\/wattsy.solutions\/en\/#organization\",\"name\":\"Wattsy\",\"url\":\"https:\/\/wattsy.solutions\/en\/\",\"logo\":{\"@type\":\"ImageObject\",\"inLanguage\":\"en-US\",\"@id\":\"https:\/\/wattsy.solutions\/en\/#\/schema\/logo\/image\/\",\"url\":\"https:\/\/wattsy.solutions\/wp-content\/uploads\/Wattsy_Logo_Icon_Black.webp\",\"contentUrl\":\"https:\/\/wattsy.solutions\/wp-content\/uploads\/Wattsy_Logo_Icon_Black.webp\",\"width\":1285,\"height\":320,\"caption\":\"Wattsy\"},\"image\":{\"@id\":\"https:\/\/wattsy.solutions\/en\/#\/schema\/logo\/image\/\"},\"sameAs\":[\"https:\/\/fr.linkedin.com\/company\/wattsy-solutions\"]}]}<\/script>\n<!-- \/ Yoast SEO plugin. -->","yoast_head_json":{"title":"Contact us - Wattsy","description":"Need a quotation or more information? Contact Wattsy, your expert in electric charging solutions. We will get back to you as soon as possible.","robots":{"index":"index","follow":"follow","max-snippet":"max-snippet:-1","max-image-preview":"max-image-preview:large","max-video-preview":"max-video-preview:-1"},"canonical":"https:\/\/wattsy.solutions\/en\/contact\/","og_locale":"en_US","og_type":"article","og_title":"Contact us - Wattsy","og_description":"Need a quotation or more information? Contact Wattsy, your expert in electric charging solutions. We will get back to you as soon as possible.","og_url":"https:\/\/wattsy.solutions\/en\/contact\/","og_site_name":"Wattsy","article_modified_time":"2026-04-06T07:39:28+00:00","og_image":[{"width":1080,"height":522,"url":"https:\/\/wattsy.solutions\/wp-content\/uploads\/HomePage.webp","type":"image\/jpeg"}],"twitter_card":"summary_large_image","twitter_misc":{"Est. reading time":"1 minute"},"schema":{"@context":"https:\/\/schema.org","@graph":[{"@type":"WebPage","@id":"https:\/\/wattsy.solutions\/en\/contact\/","url":"https:\/\/wattsy.solutions\/en\/contact\/","name":"Contact us - Wattsy","isPartOf":{"@id":"https:\/\/wattsy.solutions\/en\/#website"},"datePublished":"2025-03-11T16:02:54+00:00","dateModified":"2026-04-06T07:39:28+00:00","description":"Need a quotation or more information? Contact Wattsy, your expert in electric charging solutions. We will get back to you as soon as possible.","breadcrumb":{"@id":"https:\/\/wattsy.solutions\/en\/contact\/#breadcrumb"},"inLanguage":"en-US","potentialAction":[{"@type":"ReadAction","target":["https:\/\/wattsy.solutions\/en\/contact\/"]}]},{"@type":"BreadcrumbList","@id":"https:\/\/wattsy.solutions\/en\/contact\/#breadcrumb","itemListElement":[{"@type":"ListItem","position":1,"name":"Accueil","item":"https:\/\/wattsy.solutions\/en\/"},{"@type":"ListItem","position":2,"name":"Contact us"}]},{"@type":"WebSite","@id":"https:\/\/wattsy.solutions\/en\/#website","url":"https:\/\/wattsy.solutions\/en\/","name":"Wattsy Solutions","description":"La recharge pour tous, partout, \u00e0 moindre co\u00fbt","publisher":{"@id":"https:\/\/wattsy.solutions\/en\/#organization"},"alternateName":"Wattsy","potentialAction":[{"@type":"SearchAction","target":{"@type":"EntryPoint","urlTemplate":"https:\/\/wattsy.solutions\/en\/?s={search_term_string}"},"query-input":{"@type":"PropertyValueSpecification","valueRequired":true,"valueName":"search_term_string"}}],"inLanguage":"en-US"},{"@type":"Organization","@id":"https:\/\/wattsy.solutions\/en\/#organization","name":"Wattsy","url":"https:\/\/wattsy.solutions\/en\/","logo":{"@type":"ImageObject","inLanguage":"en-US","@id":"https:\/\/wattsy.solutions\/en\/#\/schema\/logo\/image\/","url":"https:\/\/wattsy.solutions\/wp-content\/uploads\/Wattsy_Logo_Icon_Black.webp","contentUrl":"https:\/\/wattsy.solutions\/wp-content\/uploads\/Wattsy_Logo_Icon_Black.webp","width":1285,"height":320,"caption":"Wattsy"},"image":{"@id":"https:\/\/wattsy.solutions\/en\/#\/schema\/logo\/image\/"},"sameAs":["https:\/\/fr.linkedin.com\/company\/wattsy-solutions"]}]}},"_links":{"self":[{"href":"https:\/\/wattsy.solutions\/en\/wp-json\/wp\/v2\/pages\/133578","targetHints":{"allow":["GET"]}}],"collection":[{"href":"https:\/\/wattsy.solutions\/en\/wp-json\/wp\/v2\/pages"}],"about":[{"href":"https:\/\/wattsy.solutions\/en\/wp-json\/wp\/v2\/types\/page"}],"author":[{"embeddable":true,"href":"https:\/\/wattsy.solutions\/en\/wp-json\/wp\/v2\/users\/6"}],"replies":[{"embeddable":true,"href":"https:\/\/wattsy.solutions\/en\/wp-json\/wp\/v2\/comments?post=133578"}],"version-history":[{"count":108,"href":"https:\/\/wattsy.solutions\/en\/wp-json\/wp\/v2\/pages\/133578\/revisions"}],"predecessor-version":[{"id":137563,"href":"https:\/\/wattsy.solutions\/en\/wp-json\/wp\/v2\/pages\/133578\/revisions\/137563"}],"wp:attachment":[{"href":"https:\/\/wattsy.solutions\/en\/wp-json\/wp\/v2\/media?parent=133578"}],"curies":[{"name":"wp","href":"https:\/\/api.w.org\/{rel}","templated":true}]}}